{"id":7,"date":"2015-02-02T19:38:46","date_gmt":"2015-02-02T19:38:46","guid":{"rendered":"http:\/\/avada.theme-fusion.com_demos\/cafe\/?page_id=7"},"modified":"2025-05-20T09:53:03","modified_gmt":"2025-05-20T07:53:03","slug":"home","status":"publish","type":"page","link":"https:\/\/www.atelier-orangemecanique.fr\/","title":{"rendered":"Accueil"},"content":{"rendered":"<p><div class=\"fusion-fullwidth fullwidth-box fusion-builder-row-1 hundred-percent-fullwidth non-hundred-percent-height-scrolling fusion-equal-height-columns\" style=\"background-color: rgba(255,255,255,0);background-position: left top;background-repeat: no-repeat;padding-top:0px;padding-right:0px;padding-bottom:0px;padding-left:0px;margin-bottom: 0px;margin-top: 0px;border-width: 0px 0px 0px 0px;border-color:#eae9e9;border-style:solid;\" ><div class=\"fusion-builder-row fusion-row\"><div class=\"fusion-layout-column fusion_builder_column fusion-builder-column-0 fusion_builder_column_1_1 1_1 fusion-one-full fusion-column-first fusion-column-last\" style=\"margin-top:0px;margin-bottom:0px;\"><div class=\"fusion-column-wrapper fusion-flex-column-wrapper-legacy\" style=\"background-position:left top;background-repeat:no-repeat;-webkit-background-size:cover;-moz-background-size:cover;-o-background-size:cover;background-size:cover;padding: 0% 0% 0% 0%;\"><div class=\"fusion-column-content-centered\"><div class=\"fusion-column-content\"><div class=\"imageframe-align-center\"><span class=\" fusion-imageframe imageframe-none imageframe-1 hover-type-none\"><img decoding=\"async\" width=\"1225\" height=\"221\" title=\"bandeau-home3\" src=\"http:\/\/www.atelier-orangemecanique.fr\/wp-content\/uploads\/2015\/02\/bandeau-home3.png\" class=\"img-responsive wp-image-931\" srcset=\"https:\/\/www.atelier-orangemecanique.fr\/wp-content\/uploads\/2015\/02\/bandeau-home3-200x36.png 200w, https:\/\/www.atelier-orangemecanique.fr\/wp-content\/uploads\/2015\/02\/bandeau-home3-400x72.png 400w, https:\/\/www.atelier-orangemecanique.fr\/wp-content\/uploads\/2015\/02\/bandeau-home3-600x108.png 600w, https:\/\/www.atelier-orangemecanique.fr\/wp-content\/uploads\/2015\/02\/bandeau-home3-800x144.png 800w, https:\/\/www.atelier-orangemecanique.fr\/wp-content\/uploads\/2015\/02\/bandeau-home3-1200x216.png 1200w, https:\/\/www.atelier-orangemecanique.fr\/wp-content\/uploads\/2015\/02\/bandeau-home3.png 1225w\" sizes=\"(max-width: 1120px) 100vw, 1225px\" \/><\/span><\/div><div class=\"fusion-sep-clear\"><\/div><div class=\"fusion-separator fusion-full-width-sep\" style=\"margin-left: auto;margin-right: auto;margin-top:5px;width:100%;\"><\/div><div class=\"fusion-sep-clear\"><\/div><\/div><\/div><div class=\"fusion-clearfix\"><\/div><\/div><\/div><div class=\"fusion-layout-column fusion_builder_column fusion-builder-column-1 fusion_builder_column_1_1 1_1 fusion-one-full fusion-column-first fusion-column-last\" style=\"margin-top:0px;margin-bottom:0px;\"><div class=\"fusion-column-wrapper fusion-flex-column-wrapper-legacy\" style=\"background-position:left top;background-repeat:no-repeat;-webkit-background-size:cover;-moz-background-size:cover;-o-background-size:cover;background-size:cover;padding: 0% 0% 0% 0%;\"><div class=\"fusion-column-content-centered\"><div class=\"fusion-column-content\"><div class=\"fusion-text fusion-text-1\"><h2 style=\"text-align: center;\"><span style=\"color: #000000;\">L&rsquo;Atelier a d\u00e9m\u00e9nag\u00e9 et s&rsquo;est install\u00e9 \u00e0 Cr\u00eaches-sur-Sa\u00f4ne 71680.<\/span><\/h2>\n<h2 style=\"text-align: center;\">Bienvenue chez Esprit Moto Quad 71 !<\/h2>\n<\/div><div class=\"fusion-sep-clear\"><\/div><div class=\"fusion-separator fusion-full-width-sep\" style=\"margin-left: auto;margin-right: auto;margin-top:5px;width:100%;\"><\/div><div class=\"fusion-sep-clear\"><\/div><\/div><\/div><div class=\"fusion-clearfix\"><\/div><\/div><\/div><div class=\"fusion-layout-column fusion_builder_column fusion-builder-column-2 fusion_builder_column_1_1 1_1 fusion-one-full fusion-column-first fusion-column-last\" style=\"margin-top:0px;margin-bottom:0px;\"><div class=\"fusion-column-wrapper fusion-flex-column-wrapper-legacy\" style=\"background-position:left top;background-repeat:no-repeat;-webkit-background-size:cover;-moz-background-size:cover;-o-background-size:cover;background-size:cover;padding: 0% 0% 0% 0%;\"><div class=\"fusion-column-content-centered\"><div class=\"fusion-column-content\"><div class=\"fusion-text fusion-text-2\"><h2 style=\"text-align: center;\"><span style=\"color: #000000;\">Bienvenue \u00e0 l&rsquo;Atelier !<\/span><\/h2>\n<h4 style=\"text-align: center;\"><span style=\"color: #ffffff;\">Un lieu d\u00e9di\u00e9 aux ROYAL ENFIELD !<\/span><\/h4>\n<\/div><div class=\"fusion-sep-clear\"><\/div><div class=\"fusion-separator fusion-full-width-sep\" style=\"margin-left: auto;margin-right: auto;margin-top:5px;width:100%;\"><\/div><div class=\"fusion-sep-clear\"><\/div><\/div><\/div><div class=\"fusion-clearfix\"><\/div><\/div><\/div><\/div><\/div><div class=\"fusion-fullwidth fullwidth-box fusion-builder-row-2 nonhundred-percent-fullwidth non-hundred-percent-height-scrolling\" style=\"background-color: rgba(255,255,255,0);background-position: center center;background-repeat: no-repeat;padding-top:20px;padding-right:0px;padding-bottom:20px;padding-left:0px;margin-bottom: 0px;margin-top: 0px;border-width: 0px 0px 0px 0px;border-color:#eae9e9;border-style:solid;\" ><div class=\"fusion-builder-row fusion-row\"><div class=\"fusion-layout-column fusion_builder_column fusion-builder-column-3 fusion_builder_column_1_2 1_2 fusion-one-half fusion-column-first\" style=\"width:50%;width:calc(50% - ( ( 4% ) * 0.5 ) );margin-right: 4%;margin-top:0px;margin-bottom:20px;\"><div class=\"fusion-column-wrapper fusion-flex-column-wrapper-legacy\" style=\"background-position:left top;background-repeat:no-repeat;-webkit-background-size:cover;-moz-background-size:cover;-o-background-size:cover;background-size:cover;padding: 0px 0px 0px 0px;\"><div class=\"fusion-text fusion-text-3\"><p style=\"text-align: center;\"><span style=\"color: #000000;\">Depuis 2017, l&rsquo;Atelier Orange M\u00e9canique est\u00a0<\/span><span style=\"color: #000000;\">Concessionnaire Officiel <a style=\"color: #000000;\" href=\"https:\/\/www.royalenfield.com\/\">Royal Enfield<\/a> et en 2020, nous sommes devenu Exclusive Store.<\/span><\/p>\n<p style=\"text-align: center;\"><span style=\"color: #000000;\">Nous sommes sp\u00e9cialis\u00e9s dans l&rsquo;entretien et la r\u00e9paration des Royal Enfield.<\/span><\/p>\n<p style=\"text-align: center;\"><span style=\"color: #000000;\">Champion de France\/Benelux des Techniciens Royal Enfield 2021, 2022, 2024 et 2025, Champion d&rsquo;Europe (EMEA) 2024 et Vice-Champion du Monde en Inde (SuperSquad RE) 2024.<\/span><\/p>\n<p style=\"text-align: center;\"><span style=\"color: #000000;\">Revendeur de pi\u00e8ces, accessoires et \u00e9quipements indispensables \u00e0 tous les motards.<\/span><\/p>\n<p style=\"text-align: center;\"><span style=\"color: #000000;\">Rejoignez nous sur les r\u00e9seaux sociaux : <a style=\"color: #000000;\" href=\"https:\/\/www.facebook.com\/AtelierOrangeMecanique\/?ref=bookmarks\">https:\/\/www.facebook.com\/AtelierOrangeMecanique\/?ref=bookmarks<\/a><\/span><\/p>\n<\/div><div class=\"fusion-clearfix\"><\/div><\/div><\/div><div class=\"fusion-layout-column fusion_builder_column fusion-builder-column-4 fusion_builder_column_1_2 1_2 fusion-one-half fusion-column-last\" style=\"width:50%;width:calc(50% - ( ( 4% ) * 0.5 ) );margin-top:0px;margin-bottom:20px;\"><div class=\"fusion-column-wrapper fusion-flex-column-wrapper-legacy\" style=\"background-position:left top;background-repeat:no-repeat;-webkit-background-size:cover;-moz-background-size:cover;-o-background-size:cover;background-size:cover;border-width: 0 0 0 0;border-color:#ffffff;border-style:solid;padding: 0px 0px 0px 0px;\"><div class=\"fusion-slider-sc fusion-flexslider-loading flexslider flexslider-hover-type-none\" data-slideshow_autoplay=\"1\" data-slideshow_smooth_height=\"0\" data-slideshow_speed=\"7000\" style=\"max-width:100%;height:100%;\"><ul class=\"slides\"><li class=\"image\"><span class=\"fusion-image-hover-element hover-type-none\"><img decoding=\"async\" src=\"https:\/\/www.atelier-orangemecanique.fr\/wp-content\/uploads\/2020\/05\/IMG_20200401_152128-scaled.jpg\" width=\"2560\" height=\"1920\" class=\"wp-image-1290\" srcset=\"https:\/\/www.atelier-orangemecanique.fr\/wp-content\/uploads\/2020\/05\/IMG_20200401_152128-200x150.jpg 200w, https:\/\/www.atelier-orangemecanique.fr\/wp-content\/uploads\/2020\/05\/IMG_20200401_152128-400x300.jpg 400w, https:\/\/www.atelier-orangemecanique.fr\/wp-content\/uploads\/2020\/05\/IMG_20200401_152128-600x450.jpg 600w, https:\/\/www.atelier-orangemecanique.fr\/wp-content\/uploads\/2020\/05\/IMG_20200401_152128-800x600.jpg 800w, https:\/\/www.atelier-orangemecanique.fr\/wp-content\/uploads\/2020\/05\/IMG_20200401_152128-1200x900.jpg 1200w, https:\/\/www.atelier-orangemecanique.fr\/wp-content\/uploads\/2020\/05\/IMG_20200401_152128-scaled.jpg 2560w\" sizes=\"(max-width: 1120px) 100vw, 600px\" \/><\/span><\/li><li class=\"image\"><span class=\"fusion-image-hover-element hover-type-none\"><img decoding=\"async\" src=\"https:\/\/www.atelier-orangemecanique.fr\/wp-content\/uploads\/2020\/05\/IMG_20200401_152229-scaled.jpg\" width=\"2560\" height=\"1920\" class=\"wp-image-1292\" srcset=\"https:\/\/www.atelier-orangemecanique.fr\/wp-content\/uploads\/2020\/05\/IMG_20200401_152229-200x150.jpg 200w, https:\/\/www.atelier-orangemecanique.fr\/wp-content\/uploads\/2020\/05\/IMG_20200401_152229-400x300.jpg 400w, https:\/\/www.atelier-orangemecanique.fr\/wp-content\/uploads\/2020\/05\/IMG_20200401_152229-600x450.jpg 600w, https:\/\/www.atelier-orangemecanique.fr\/wp-content\/uploads\/2020\/05\/IMG_20200401_152229-800x600.jpg 800w, https:\/\/www.atelier-orangemecanique.fr\/wp-content\/uploads\/2020\/05\/IMG_20200401_152229-1200x900.jpg 1200w, https:\/\/www.atelier-orangemecanique.fr\/wp-content\/uploads\/2020\/05\/IMG_20200401_152229-scaled.jpg 2560w\" sizes=\"(max-width: 1120px) 100vw, 600px\" \/><\/span><\/li><li class=\"image\"><span class=\"fusion-image-hover-element hover-type-none\"><img decoding=\"async\" src=\"http:\/\/atelier-orangemecanique.fr\/wp-content\/uploads\/2015\/02\/IMG_2741.jpg\" \/><\/span><\/li><li class=\"image\"><span class=\"fusion-image-hover-element hover-type-none\"><img decoding=\"async\" src=\"https:\/\/www.atelier-orangemecanique.fr\/wp-content\/uploads\/2020\/05\/IMG_20200401_152111-scaled.jpg\" width=\"2560\" height=\"1920\" class=\"wp-image-1289\" srcset=\"https:\/\/www.atelier-orangemecanique.fr\/wp-content\/uploads\/2020\/05\/IMG_20200401_152111-200x150.jpg 200w, https:\/\/www.atelier-orangemecanique.fr\/wp-content\/uploads\/2020\/05\/IMG_20200401_152111-400x300.jpg 400w, https:\/\/www.atelier-orangemecanique.fr\/wp-content\/uploads\/2020\/05\/IMG_20200401_152111-600x450.jpg 600w, https:\/\/www.atelier-orangemecanique.fr\/wp-content\/uploads\/2020\/05\/IMG_20200401_152111-800x600.jpg 800w, https:\/\/www.atelier-orangemecanique.fr\/wp-content\/uploads\/2020\/05\/IMG_20200401_152111-1200x900.jpg 1200w, https:\/\/www.atelier-orangemecanique.fr\/wp-content\/uploads\/2020\/05\/IMG_20200401_152111-scaled.jpg 2560w\" sizes=\"(max-width: 1120px) 100vw, 600px\" \/><\/span><\/li><li class=\"image\"><span class=\"fusion-image-hover-element hover-type-none\"><img decoding=\"async\" src=\"https:\/\/www.atelier-orangemecanique.fr\/wp-content\/uploads\/2020\/05\/IMG_20200418_163214-scaled.jpg\" width=\"2560\" height=\"1920\" class=\"wp-image-1293\" srcset=\"https:\/\/www.atelier-orangemecanique.fr\/wp-content\/uploads\/2020\/05\/IMG_20200418_163214-200x150.jpg 200w, https:\/\/www.atelier-orangemecanique.fr\/wp-content\/uploads\/2020\/05\/IMG_20200418_163214-400x300.jpg 400w, https:\/\/www.atelier-orangemecanique.fr\/wp-content\/uploads\/2020\/05\/IMG_20200418_163214-600x450.jpg 600w, https:\/\/www.atelier-orangemecanique.fr\/wp-content\/uploads\/2020\/05\/IMG_20200418_163214-800x600.jpg 800w, https:\/\/www.atelier-orangemecanique.fr\/wp-content\/uploads\/2020\/05\/IMG_20200418_163214-1200x900.jpg 1200w, https:\/\/www.atelier-orangemecanique.fr\/wp-content\/uploads\/2020\/05\/IMG_20200418_163214-scaled.jpg 2560w\" sizes=\"(max-width: 1120px) 100vw, 600px\" \/><\/span><\/li><li class=\"image\"><span class=\"fusion-image-hover-element hover-type-none\"><img decoding=\"async\" src=\"http:\/\/www.atelier-orangemecanique.fr\/wp-content\/uploads\/2015\/02\/IMG_20170401_132837.jpg\" \/><\/span><\/li><li class=\"image\"><span class=\"fusion-image-hover-element hover-type-none\"><img decoding=\"async\" src=\"https:\/\/www.atelier-orangemecanique.fr\/wp-content\/uploads\/2020\/05\/IMG_20200401_152149-scaled.jpg\" width=\"2560\" height=\"1920\" class=\"wp-image-1291\" srcset=\"https:\/\/www.atelier-orangemecanique.fr\/wp-content\/uploads\/2020\/05\/IMG_20200401_152149-200x150.jpg 200w, https:\/\/www.atelier-orangemecanique.fr\/wp-content\/uploads\/2020\/05\/IMG_20200401_152149-400x300.jpg 400w, https:\/\/www.atelier-orangemecanique.fr\/wp-content\/uploads\/2020\/05\/IMG_20200401_152149-600x450.jpg 600w, https:\/\/www.atelier-orangemecanique.fr\/wp-content\/uploads\/2020\/05\/IMG_20200401_152149-800x600.jpg 800w, https:\/\/www.atelier-orangemecanique.fr\/wp-content\/uploads\/2020\/05\/IMG_20200401_152149-1200x900.jpg 1200w, https:\/\/www.atelier-orangemecanique.fr\/wp-content\/uploads\/2020\/05\/IMG_20200401_152149-scaled.jpg 2560w\" sizes=\"(max-width: 1120px) 100vw, 600px\" \/><\/span><\/li><li class=\"image\"><span class=\"fusion-image-hover-element hover-type-none\"><img decoding=\"async\" src=\"https:\/\/www.atelier-orangemecanique.fr\/wp-content\/uploads\/2020\/05\/IMG_20200401_152034-scaled.jpg\" width=\"2560\" height=\"1920\" class=\"wp-image-1288\" srcset=\"https:\/\/www.atelier-orangemecanique.fr\/wp-content\/uploads\/2020\/05\/IMG_20200401_152034-200x150.jpg 200w, https:\/\/www.atelier-orangemecanique.fr\/wp-content\/uploads\/2020\/05\/IMG_20200401_152034-400x300.jpg 400w, https:\/\/www.atelier-orangemecanique.fr\/wp-content\/uploads\/2020\/05\/IMG_20200401_152034-600x450.jpg 600w, https:\/\/www.atelier-orangemecanique.fr\/wp-content\/uploads\/2020\/05\/IMG_20200401_152034-800x600.jpg 800w, https:\/\/www.atelier-orangemecanique.fr\/wp-content\/uploads\/2020\/05\/IMG_20200401_152034-1200x900.jpg 1200w, https:\/\/www.atelier-orangemecanique.fr\/wp-content\/uploads\/2020\/05\/IMG_20200401_152034-scaled.jpg 2560w\" sizes=\"(max-width: 1120px) 100vw, 600px\" \/><\/span><\/li><li class=\"image\"><span class=\"fusion-image-hover-element hover-type-none\"><img decoding=\"async\" src=\"http:\/\/atelier-orangemecanique.fr\/wp-content\/uploads\/2015\/02\/IMG_20170107_154714-e1484911249612.jpg\" \/><\/span><\/li><li class=\"image\"><span class=\"fusion-image-hover-element hover-type-none\"><img decoding=\"async\" src=\"https:\/\/www.atelier-orangemecanique.fr\/wp-content\/uploads\/2020\/05\/IMG_20200401_152003-scaled.jpg\" width=\"2560\" height=\"1920\" class=\"wp-image-1287\" srcset=\"https:\/\/www.atelier-orangemecanique.fr\/wp-content\/uploads\/2020\/05\/IMG_20200401_152003-200x150.jpg 200w, https:\/\/www.atelier-orangemecanique.fr\/wp-content\/uploads\/2020\/05\/IMG_20200401_152003-400x300.jpg 400w, https:\/\/www.atelier-orangemecanique.fr\/wp-content\/uploads\/2020\/05\/IMG_20200401_152003-600x450.jpg 600w, https:\/\/www.atelier-orangemecanique.fr\/wp-content\/uploads\/2020\/05\/IMG_20200401_152003-800x600.jpg 800w, https:\/\/www.atelier-orangemecanique.fr\/wp-content\/uploads\/2020\/05\/IMG_20200401_152003-1200x900.jpg 1200w, https:\/\/www.atelier-orangemecanique.fr\/wp-content\/uploads\/2020\/05\/IMG_20200401_152003-scaled.jpg 2560w\" sizes=\"(max-width: 1120px) 100vw, 600px\" \/><\/span><\/li><li class=\"image\"><span class=\"fusion-image-hover-element hover-type-none\"><img decoding=\"async\" src=\"https:\/\/www.atelier-orangemecanique.fr\/wp-content\/uploads\/2020\/05\/IMG_20200401_151944-scaled.jpg\" width=\"1920\" height=\"2560\" class=\"wp-image-1286\" srcset=\"https:\/\/www.atelier-orangemecanique.fr\/wp-content\/uploads\/2020\/05\/IMG_20200401_151944-200x267.jpg 200w, https:\/\/www.atelier-orangemecanique.fr\/wp-content\/uploads\/2020\/05\/IMG_20200401_151944-400x533.jpg 400w, https:\/\/www.atelier-orangemecanique.fr\/wp-content\/uploads\/2020\/05\/IMG_20200401_151944-600x800.jpg 600w, https:\/\/www.atelier-orangemecanique.fr\/wp-content\/uploads\/2020\/05\/IMG_20200401_151944-800x1067.jpg 800w, https:\/\/www.atelier-orangemecanique.fr\/wp-content\/uploads\/2020\/05\/IMG_20200401_151944-1200x1600.jpg 1200w, https:\/\/www.atelier-orangemecanique.fr\/wp-content\/uploads\/2020\/05\/IMG_20200401_151944-scaled.jpg 1920w\" sizes=\"(max-width: 1120px) 100vw, 600px\" \/><\/span><\/li><li class=\"image\"><span class=\"fusion-image-hover-element hover-type-none\"><img decoding=\"async\" src=\"http:\/\/atelier-orangemecanique.fr\/wp-content\/uploads\/2015\/02\/WP_20160916_20_10_39_Pro-e1484911075164.jpg\" \/><\/span><\/li><li class=\"image\"><span class=\"fusion-image-hover-element hover-type-none\"><img decoding=\"async\" src=\"https:\/\/www.atelier-orangemecanique.fr\/wp-content\/uploads\/2020\/05\/IMG_20200401_151925-scaled.jpg\" width=\"1920\" height=\"2560\" class=\"wp-image-1285\" srcset=\"https:\/\/www.atelier-orangemecanique.fr\/wp-content\/uploads\/2020\/05\/IMG_20200401_151925-200x267.jpg 200w, https:\/\/www.atelier-orangemecanique.fr\/wp-content\/uploads\/2020\/05\/IMG_20200401_151925-400x533.jpg 400w, https:\/\/www.atelier-orangemecanique.fr\/wp-content\/uploads\/2020\/05\/IMG_20200401_151925-600x800.jpg 600w, https:\/\/www.atelier-orangemecanique.fr\/wp-content\/uploads\/2020\/05\/IMG_20200401_151925-800x1067.jpg 800w, https:\/\/www.atelier-orangemecanique.fr\/wp-content\/uploads\/2020\/05\/IMG_20200401_151925-1200x1600.jpg 1200w, https:\/\/www.atelier-orangemecanique.fr\/wp-content\/uploads\/2020\/05\/IMG_20200401_151925-scaled.jpg 1920w\" sizes=\"(max-width: 1120px) 100vw, 600px\" \/><\/span><\/li><li class=\"image\"><span class=\"fusion-image-hover-element hover-type-none\"><img decoding=\"async\" src=\"https:\/\/www.atelier-orangemecanique.fr\/wp-content\/uploads\/2020\/05\/IMG_20200418_163451-scaled.jpg\" width=\"2560\" height=\"1920\" class=\"wp-image-1295\" srcset=\"https:\/\/www.atelier-orangemecanique.fr\/wp-content\/uploads\/2020\/05\/IMG_20200418_163451-200x150.jpg 200w, https:\/\/www.atelier-orangemecanique.fr\/wp-content\/uploads\/2020\/05\/IMG_20200418_163451-400x300.jpg 400w, https:\/\/www.atelier-orangemecanique.fr\/wp-content\/uploads\/2020\/05\/IMG_20200418_163451-600x450.jpg 600w, https:\/\/www.atelier-orangemecanique.fr\/wp-content\/uploads\/2020\/05\/IMG_20200418_163451-800x600.jpg 800w, https:\/\/www.atelier-orangemecanique.fr\/wp-content\/uploads\/2020\/05\/IMG_20200418_163451-1200x900.jpg 1200w, https:\/\/www.atelier-orangemecanique.fr\/wp-content\/uploads\/2020\/05\/IMG_20200418_163451-scaled.jpg 2560w\" sizes=\"(max-width: 1120px) 100vw, 600px\" \/><\/span><\/li><li class=\"image\"><span class=\"fusion-image-hover-element hover-type-none\"><img decoding=\"async\" src=\"http:\/\/atelier-orangemecanique.fr\/wp-content\/uploads\/2015\/02\/DSC01971-Copie.jpg\" \/><\/span><\/li><\/ul><\/div><div class=\"fusion-clearfix\"><\/div><\/div><\/div><\/div><\/div><div class=\"fusion-fullwidth fullwidth-box fusion-builder-row-3 nonhundred-percent-fullwidth non-hundred-percent-height-scrolling\" style=\"background-color: rgba(255,255,255,0);background-position: center center;background-repeat: no-repeat;padding-top:20px;padding-right:0px;padding-bottom:20px;padding-left:0px;margin-bottom: 0px;margin-top: 0px;border-width: 0px 0px 0px 0px;border-color:#eae9e9;border-style:solid;\" ><div class=\"fusion-builder-row fusion-row\"><\/div><\/div><\/p>\n","protected":false},"excerpt":{"rendered":"","protected":false},"author":1,"featured_media":0,"parent":0,"menu_order":0,"comment_status":"closed","ping_status":"open","template":"100-width.php","meta":{"footnotes":""},"yoast_head":"<!-- This site is optimized with the Yoast SEO plugin v15.2.1 - https:\/\/yoast.com\/wordpress\/plugins\/seo\/ -->\n<title>Accueil - L&#039;atelier orange m\u00e9canique<\/title>\n<meta name=\"robots\" content=\"index, follow, max-snippet:-1, max-image-preview:large, max-video-preview:-1\" \/>\n<link rel=\"canonical\" href=\"https:\/\/www.atelier-orangemecanique.fr\/\" \/>\n<meta property=\"og:locale\" content=\"fr_FR\" \/>\n<meta property=\"og:type\" content=\"article\" \/>\n<meta property=\"og:title\" content=\"Accueil - L&#039;atelier orange m\u00e9canique\" \/>\n<meta property=\"og:url\" content=\"https:\/\/www.atelier-orangemecanique.fr\/\" \/>\n<meta property=\"og:site_name\" content=\"L&#039;atelier orange m\u00e9canique\" \/>\n<meta property=\"article:modified_time\" content=\"2025-05-20T07:53:03+00:00\" \/>\n<meta name=\"twitter:card\" content=\"summary_large_image\" \/>\n<meta name=\"twitter:label1\" content=\"\u00c9crit par\">\n\t<meta name=\"twitter:data1\" content=\"admin7080\">\n\t<meta name=\"twitter:label2\" content=\"Dur\u00e9e de lecture est.\">\n\t<meta name=\"twitter:data2\" content=\"6 minutes\">\n<script type=\"application\/ld+json\" class=\"yoast-schema-graph\">{\"@context\":\"https:\/\/schema.org\",\"@graph\":[{\"@type\":\"WebSite\",\"@id\":\"https:\/\/www.atelier-orangemecanique.fr\/#website\",\"url\":\"https:\/\/www.atelier-orangemecanique.fr\/\",\"name\":\"L&#039;atelier orange m\\u00e9canique\",\"description\":\"Entretien et r\\u00e9paration de v\\u00e9hicules anciens\",\"potentialAction\":[{\"@type\":\"SearchAction\",\"target\":\"https:\/\/www.atelier-orangemecanique.fr\/?s={search_term_string}\",\"query-input\":\"required name=search_term_string\"}],\"inLanguage\":\"fr-FR\"},{\"@type\":\"WebPage\",\"@id\":\"https:\/\/www.atelier-orangemecanique.fr\/#webpage\",\"url\":\"https:\/\/www.atelier-orangemecanique.fr\/\",\"name\":\"Accueil - L&#039;atelier orange m\\u00e9canique\",\"isPartOf\":{\"@id\":\"https:\/\/www.atelier-orangemecanique.fr\/#website\"},\"datePublished\":\"2015-02-02T19:38:46+00:00\",\"dateModified\":\"2025-05-20T07:53:03+00:00\",\"inLanguage\":\"fr-FR\",\"potentialAction\":[{\"@type\":\"ReadAction\",\"target\":[\"https:\/\/www.atelier-orangemecanique.fr\/\"]}]}]}<\/script>\n<!-- \/ Yoast SEO plugin. -->","_links":{"self":[{"href":"https:\/\/www.atelier-orangemecanique.fr\/index.php?rest_route=\/wp\/v2\/pages\/7"}],"collection":[{"href":"https:\/\/www.atelier-orangemecanique.fr\/index.php?rest_route=\/wp\/v2\/pages"}],"about":[{"href":"https:\/\/www.atelier-orangemecanique.fr\/index.php?rest_route=\/wp\/v2\/types\/page"}],"author":[{"embeddable":true,"href":"https:\/\/www.atelier-orangemecanique.fr\/index.php?rest_route=\/wp\/v2\/users\/1"}],"replies":[{"embeddable":true,"href":"https:\/\/www.atelier-orangemecanique.fr\/index.php?rest_route=%2Fwp%2Fv2%2Fcomments&post=7"}],"version-history":[{"count":126,"href":"https:\/\/www.atelier-orangemecanique.fr\/index.php?rest_route=\/wp\/v2\/pages\/7\/revisions"}],"predecessor-version":[{"id":1500,"href":"https:\/\/www.atelier-orangemecanique.fr\/index.php?rest_route=\/wp\/v2\/pages\/7\/revisions\/1500"}],"wp:attachment":[{"href":"https:\/\/www.atelier-orangemecanique.fr\/index.php?rest_route=%2Fwp%2Fv2%2Fmedia&parent=7"}],"curies":[{"name":"wp","href":"https:\/\/api.w.org\/{rel}","templated":true}]}}