{"id":15,"date":"2015-02-02T19:40:48","date_gmt":"2015-02-02T19:40:48","guid":{"rendered":"http:\/\/avada.theme-fusion.com_demos\/cafe\/?page_id=15"},"modified":"2024-12-03T18:13:18","modified_gmt":"2024-12-03T17:13:18","slug":"locations","status":"publish","type":"page","link":"https:\/\/www.atelier-orangemecanique.fr\/?page_id=15","title":{"rendered":"Nous trouver"},"content":{"rendered":"<div class=\"fusion-fullwidth fullwidth-box fusion-builder-row-1 nonhundred-percent-fullwidth non-hundred-percent-height-scrolling\" style=\"background-color: rgba(255,255,255,0);background-position: center center;background-repeat: no-repeat;padding-top:20px;padding-right:0px;padding-bottom:20px;padding-left:0px;margin-bottom: 0px;margin-top: 0px;border-width: 0px 0px 0px 0px;border-color:#eae9e9;border-style:solid;\" ><div class=\"fusion-builder-row fusion-row\"><div class=\"fusion-layout-column fusion_builder_column fusion-builder-column-0 fusion_builder_column_2_3 2_3 fusion-two-third fusion-column-first\" style=\"width:66.666666666667%;width:calc(66.666666666667% - ( ( 4% ) * 0.66666666666667 ) );margin-right: 4%;margin-top:0px;margin-bottom:20px;\"><div class=\"fusion-column-wrapper fusion-flex-column-wrapper-legacy\" style=\"background-position:left top;background-repeat:no-repeat;-webkit-background-size:cover;-moz-background-size:cover;-o-background-size:cover;background-size:cover;padding: 0px 0px 0px 0px;\"><div class=\"fusion-text fusion-text-1\"><p><iframe style=\"border: 0;\" src=\"https:\/\/www.google.com\/maps\/embed?pb=!1m18!1m12!1m3!1d2757.040590655917!2d4.779910951359576!3d46.28916777901693!2m3!1f0!2f0!3f0!3m2!1i1024!2i768!4f13.1!3m3!1m2!1s0x47f37025d2999923%3A0x4ffa1304306a73ab!2s200+Chemin+des+Jonch%C3%A8res%2C+71850+Charnay-l%C3%A8s-M%C3%A2con!5e0!3m2!1sfr!2sfr!4v1485282584447\" width=\"600\" height=\"450\" frameborder=\"0\" allowfullscreen=\"allowfullscreen\"><\/iframe><\/p>\n<\/div><div class=\"fusion-clearfix\"><\/div><\/div><\/div><div class=\"fusion-layout-column fusion_builder_column fusion-builder-column-1 fusion_builder_column_1_3 1_3 fusion-one-third fusion-column-last\" style=\"width:33.333333333333%;width:calc(33.333333333333% - ( ( 4% ) * 0.33333333333333 ) );margin-top:0px;margin-bottom:20px;\"><div class=\"fusion-column-wrapper fusion-flex-column-wrapper-legacy\" style=\"background-position:left top;background-repeat:no-repeat;-webkit-background-size:cover;-moz-background-size:cover;-o-background-size:cover;background-size:cover;padding: 0px 0px 0px 0px;\"><div class=\"fusion-text fusion-text-2\"><p style=\"text-align: center;\">Nous d\u00e9m\u00e9nageons dans la Zone d&rsquo;Activit\u00e9 Commerciale pr\u00e8s des Bouchardes, au 350 Rue de Bourgogne, 71680 Cr\u00eaches-sur-Sa\u00f4ne.<\/p>\n<p style=\"text-align: center;\">A 5 minutes de la sortie d&rsquo;autoroute A6 M\u00e2con Sud.<\/p>\n<p style=\"text-align: center;\">Par la RN6, en face du centre commercial Carrefour.<\/p>\n<p style=\"text-align: center;\">Nous disposons d&rsquo;un parking \u00e0 votre disposition.<\/p>\n<p style=\"text-align: center;\">Venez nous rendre visite \u00e0 partir de Janvier 2025, du Mardi au Vendredi,\u00a0 de 9h \u00e0 12h et de 14h \u00e0 19h, le Samedi, de 9h \u00e0 12h et de 14h \u00e0 18h. Horaires variables selon \u00e9v\u00e8nements\/expositions (consultez notre page Google ou Facebook qui est \u00e0 jour plus souvent que notre site ;-))<\/p>\n<p style=\"text-align: center;\">A bient\u00f4t !<\/p>\n<\/div><div class=\"fusion-clearfix\"><\/div><\/div><\/div><\/div><\/div>\n","protected":false},"excerpt":{"rendered":"","protected":false},"author":1,"featured_media":0,"parent":0,"menu_order":0,"comment_status":"closed","ping_status":"open","template":"100-width.php","meta":{"footnotes":""},"yoast_head":"<!-- This site is optimized with the Yoast SEO plugin v15.2.1 - https:\/\/yoast.com\/wordpress\/plugins\/seo\/ -->\n<title>Nous trouver - L&#039;atelier orange m\u00e9canique<\/title>\n<meta name=\"robots\" content=\"index, follow, max-snippet:-1, max-image-preview:large, max-video-preview:-1\" \/>\n<link rel=\"canonical\" href=\"https:\/\/www.atelier-orangemecanique.fr\/?page_id=15\" \/>\n<meta property=\"og:locale\" content=\"fr_FR\" \/>\n<meta property=\"og:type\" content=\"article\" \/>\n<meta property=\"og:title\" content=\"Nous trouver - L&#039;atelier orange m\u00e9canique\" \/>\n<meta property=\"og:url\" content=\"https:\/\/www.atelier-orangemecanique.fr\/?page_id=15\" \/>\n<meta property=\"og:site_name\" content=\"L&#039;atelier orange m\u00e9canique\" \/>\n<meta property=\"article:modified_time\" content=\"2024-12-03T17:13:18+00:00\" \/>\n<meta name=\"twitter:card\" content=\"summary_large_image\" \/>\n<meta name=\"twitter:label1\" content=\"\u00c9crit par\">\n\t<meta name=\"twitter:data1\" content=\"admin7080\">\n\t<meta name=\"twitter:label2\" content=\"Dur\u00e9e de lecture est.\">\n\t<meta name=\"twitter:data2\" content=\"2 minutes\">\n<script type=\"application\/ld+json\" class=\"yoast-schema-graph\">{\"@context\":\"https:\/\/schema.org\",\"@graph\":[{\"@type\":\"WebSite\",\"@id\":\"https:\/\/www.atelier-orangemecanique.fr\/#website\",\"url\":\"https:\/\/www.atelier-orangemecanique.fr\/\",\"name\":\"L&#039;atelier orange m\\u00e9canique\",\"description\":\"Entretien et r\\u00e9paration de v\\u00e9hicules anciens\",\"potentialAction\":[{\"@type\":\"SearchAction\",\"target\":\"https:\/\/www.atelier-orangemecanique.fr\/?s={search_term_string}\",\"query-input\":\"required name=search_term_string\"}],\"inLanguage\":\"fr-FR\"},{\"@type\":\"WebPage\",\"@id\":\"https:\/\/www.atelier-orangemecanique.fr\/?page_id=15#webpage\",\"url\":\"https:\/\/www.atelier-orangemecanique.fr\/?page_id=15\",\"name\":\"Nous trouver - L&#039;atelier orange m\\u00e9canique\",\"isPartOf\":{\"@id\":\"https:\/\/www.atelier-orangemecanique.fr\/#website\"},\"datePublished\":\"2015-02-02T19:40:48+00:00\",\"dateModified\":\"2024-12-03T17:13:18+00:00\",\"inLanguage\":\"fr-FR\",\"potentialAction\":[{\"@type\":\"ReadAction\",\"target\":[\"https:\/\/www.atelier-orangemecanique.fr\/?page_id=15\"]}]}]}<\/script>\n<!-- \/ Yoast SEO plugin. -->","_links":{"self":[{"href":"https:\/\/www.atelier-orangemecanique.fr\/index.php?rest_route=\/wp\/v2\/pages\/15"}],"collection":[{"href":"https:\/\/www.atelier-orangemecanique.fr\/index.php?rest_route=\/wp\/v2\/pages"}],"about":[{"href":"https:\/\/www.atelier-orangemecanique.fr\/index.php?rest_route=\/wp\/v2\/types\/page"}],"author":[{"embeddable":true,"href":"https:\/\/www.atelier-orangemecanique.fr\/index.php?rest_route=\/wp\/v2\/users\/1"}],"replies":[{"embeddable":true,"href":"https:\/\/www.atelier-orangemecanique.fr\/index.php?rest_route=%2Fwp%2Fv2%2Fcomments&post=15"}],"version-history":[{"count":19,"href":"https:\/\/www.atelier-orangemecanique.fr\/index.php?rest_route=\/wp\/v2\/pages\/15\/revisions"}],"predecessor-version":[{"id":1492,"href":"https:\/\/www.atelier-orangemecanique.fr\/index.php?rest_route=\/wp\/v2\/pages\/15\/revisions\/1492"}],"wp:attachment":[{"href":"https:\/\/www.atelier-orangemecanique.fr\/index.php?rest_route=%2Fwp%2Fv2%2Fmedia&parent=15"}],"curies":[{"name":"wp","href":"https:\/\/api.w.org\/{rel}","templated":true}]}}