{"id":11,"date":"2015-02-02T19:39:53","date_gmt":"2015-02-02T19:39:53","guid":{"rendered":"http:\/\/avada.theme-fusion.com_demos\/cafe\/?page_id=11"},"modified":"2024-12-05T11:52:59","modified_gmt":"2024-12-05T10:52:59","slug":"food-drink","status":"publish","type":"page","link":"https:\/\/www.atelier-orangemecanique.fr\/?page_id=11","title":{"rendered":"Les motos Royal Enfield"},"content":{"rendered":"<p><div class=\"fusion-fullwidth fullwidth-box fusion-builder-row-1 nonhundred-percent-fullwidth non-hundred-percent-height-scrolling\" style=\"background-color: #f2983e;background-position: center center;background-repeat: no-repeat;padding-top:20px;padding-right:0px;padding-bottom:20px;padding-left:0px;margin-bottom: 0px;margin-top: 0px;border-width: 0px 0px 0px 0px;border-color:#eae9e9;border-style:solid;\" ><div class=\"fusion-builder-row fusion-row\"><div class=\"fusion-layout-column fusion_builder_column fusion-builder-column-0 fusion_builder_column_1_1 1_1 fusion-one-full fusion-column-first fusion-column-last\" style=\"margin-top:0px;margin-bottom:20px;\"><div class=\"fusion-column-wrapper fusion-flex-column-wrapper-legacy\" style=\"background-position:left top;background-repeat:no-repeat;-webkit-background-size:cover;-moz-background-size:cover;-o-background-size:cover;background-size:cover;padding: 0px 0px 0px 0px;\"><div class=\"fusion-text fusion-text-1\"><h4 style=\"text-align: center;\">Marque Anglaise plus que centenaire (depuis 1901 !), elle s&rsquo;est export\u00e9e en Inde dans les ann\u00e9es 70 et fait partie depuis 1994 de la firme indienne Eicher Motors.<\/h4>\n<h4 style=\"text-align: center;\">Elle est le symbole de motos authentiques et robustes.<\/h4>\n<h4 style=\"text-align: center;\">Leur fabrication est devenue c\u00e9l\u00e8bre de par le m\u00e9lange entre chaine automatis\u00e9e et conception manuelle telle que la <a href=\"https:\/\/www.youtube.com\/watch?v=rtMhsZ2qXJY\" target=\"_blank\" rel=\"noopener noreferrer\">peinture des liserets de r\u00e9servoir \u00e0 la main (cliquez pour voir la vid\u00e9o !) <\/a><\/h4>\n<h4 style=\"text-align: center;\"><\/h4>\n<\/div><div class=\"fusion-clearfix\"><\/div><\/div><\/div><\/div><\/div><div class=\"fusion-fullwidth fullwidth-box fusion-builder-row-2 nonhundred-percent-fullwidth non-hundred-percent-height-scrolling\" style=\"background-color: #f2983e;background-position: center center;background-repeat: no-repeat;padding-top:20px;padding-right:0px;padding-bottom:20px;padding-left:0px;margin-bottom: 0px;margin-top: 0px;border-width: 0px 0px 0px 0px;border-color:#eae9e9;border-style:solid;\" ><div class=\"fusion-builder-row fusion-row\"><div class=\"fusion-layout-column fusion_builder_column fusion-builder-column-1 fusion_builder_column_1_1 1_1 fusion-one-full fusion-column-first fusion-column-last\" style=\"margin-top:0px;margin-bottom:20px;\"><div class=\"fusion-column-wrapper fusion-flex-column-wrapper-legacy\" style=\"background-position:left top;background-repeat:no-repeat;-webkit-background-size:cover;-moz-background-size:cover;-o-background-size:cover;background-size:cover;padding: 0px 0px 0px 0px;\"><div class=\"fusion-text fusion-text-2\"><h2 style=\"text-align: center;\">Page en cours de modifications, plus d&rsquo;infos sur le site officiel.<\/h2>\n<\/div><div class=\"fusion-clearfix\"><\/div><\/div><\/div><\/div><\/div><div class=\"fusion-fullwidth fullwidth-box fusion-builder-row-3 nonhundred-percent-fullwidth non-hundred-percent-height-scrolling\" style=\"background-color: rgba(255,255,255,0);background-position: center center;background-repeat: no-repeat;padding-top:20px;padding-right:0px;padding-bottom:20px;padding-left:0px;margin-bottom: 0px;margin-top: 0px;border-width: 0px 0px 0px 0px;border-color:#eae9e9;border-style:solid;\" ><div class=\"fusion-builder-row fusion-row\"><div class=\"fusion-layout-column fusion_builder_column fusion-builder-column-2 fusion_builder_column_1_1 1_1 fusion-one-full fusion-column-first fusion-column-last\" style=\"margin-top:0px;margin-bottom:20px;\"><div class=\"fusion-column-wrapper fusion-flex-column-wrapper-legacy\" style=\"background-position:left top;background-repeat:no-repeat;-webkit-background-size:cover;-moz-background-size:cover;-o-background-size:cover;background-size:cover;padding: 0px 0px 0px 0px;\"><style type=\"text\/css\"><\/style><div class=\"fusion-title title fusion-title-1 fusion-title-text fusion-title-size-one\" style=\"margin-top:0px;margin-bottom:20px;\"><h1 class=\"title-heading-left\" style=\"margin:0;\"><p style=\"text-align: center;\"><a href=\"https:\/\/www.royalenfield.com\/\">Site officiel Royal Enfield<\/a><\/p><\/h1><div class=\"title-sep-container\"><div class=\"title-sep sep-single sep-solid\" style=\"border-color:#ae895d;\"><\/div><\/div><\/div><div class=\"fusion-clearfix\"><\/div><\/div><\/div><\/div><\/div><\/p>\n","protected":false},"excerpt":{"rendered":"","protected":false},"author":1,"featured_media":0,"parent":0,"menu_order":0,"comment_status":"closed","ping_status":"open","template":"100-width.php","meta":{"footnotes":""},"yoast_head":"<!-- This site is optimized with the Yoast SEO plugin v15.2.1 - https:\/\/yoast.com\/wordpress\/plugins\/seo\/ -->\n<title>Les motos Royal Enfield - L&#039;atelier orange m\u00e9canique<\/title>\n<meta name=\"robots\" content=\"index, follow, max-snippet:-1, max-image-preview:large, max-video-preview:-1\" \/>\n<link rel=\"canonical\" href=\"https:\/\/www.atelier-orangemecanique.fr\/?page_id=11\" \/>\n<meta property=\"og:locale\" content=\"fr_FR\" \/>\n<meta property=\"og:type\" content=\"article\" \/>\n<meta property=\"og:title\" content=\"Les motos Royal Enfield - L&#039;atelier orange m\u00e9canique\" \/>\n<meta property=\"og:url\" content=\"https:\/\/www.atelier-orangemecanique.fr\/?page_id=11\" \/>\n<meta property=\"og:site_name\" content=\"L&#039;atelier orange m\u00e9canique\" \/>\n<meta property=\"article:modified_time\" content=\"2024-12-05T10:52:59+00:00\" \/>\n<meta name=\"twitter:card\" content=\"summary_large_image\" \/>\n<meta name=\"twitter:label1\" content=\"\u00c9crit par\">\n\t<meta name=\"twitter:data1\" content=\"admin7080\">\n\t<meta name=\"twitter:label2\" content=\"Dur\u00e9e de lecture est.\">\n\t<meta name=\"twitter:data2\" content=\"4 minutes\">\n<script type=\"application\/ld+json\" class=\"yoast-schema-graph\">{\"@context\":\"https:\/\/schema.org\",\"@graph\":[{\"@type\":\"WebSite\",\"@id\":\"https:\/\/www.atelier-orangemecanique.fr\/#website\",\"url\":\"https:\/\/www.atelier-orangemecanique.fr\/\",\"name\":\"L&#039;atelier orange m\\u00e9canique\",\"description\":\"Entretien et r\\u00e9paration de v\\u00e9hicules anciens\",\"potentialAction\":[{\"@type\":\"SearchAction\",\"target\":\"https:\/\/www.atelier-orangemecanique.fr\/?s={search_term_string}\",\"query-input\":\"required name=search_term_string\"}],\"inLanguage\":\"fr-FR\"},{\"@type\":\"WebPage\",\"@id\":\"https:\/\/www.atelier-orangemecanique.fr\/?page_id=11#webpage\",\"url\":\"https:\/\/www.atelier-orangemecanique.fr\/?page_id=11\",\"name\":\"Les motos Royal Enfield - L&#039;atelier orange m\\u00e9canique\",\"isPartOf\":{\"@id\":\"https:\/\/www.atelier-orangemecanique.fr\/#website\"},\"datePublished\":\"2015-02-02T19:39:53+00:00\",\"dateModified\":\"2024-12-05T10:52:59+00:00\",\"inLanguage\":\"fr-FR\",\"potentialAction\":[{\"@type\":\"ReadAction\",\"target\":[\"https:\/\/www.atelier-orangemecanique.fr\/?page_id=11\"]}]}]}<\/script>\n<!-- \/ Yoast SEO plugin. -->","_links":{"self":[{"href":"https:\/\/www.atelier-orangemecanique.fr\/index.php?rest_route=\/wp\/v2\/pages\/11"}],"collection":[{"href":"https:\/\/www.atelier-orangemecanique.fr\/index.php?rest_route=\/wp\/v2\/pages"}],"about":[{"href":"https:\/\/www.atelier-orangemecanique.fr\/index.php?rest_route=\/wp\/v2\/types\/page"}],"author":[{"embeddable":true,"href":"https:\/\/www.atelier-orangemecanique.fr\/index.php?rest_route=\/wp\/v2\/users\/1"}],"replies":[{"embeddable":true,"href":"https:\/\/www.atelier-orangemecanique.fr\/index.php?rest_route=%2Fwp%2Fv2%2Fcomments&post=11"}],"version-history":[{"count":144,"href":"https:\/\/www.atelier-orangemecanique.fr\/index.php?rest_route=\/wp\/v2\/pages\/11\/revisions"}],"predecessor-version":[{"id":1496,"href":"https:\/\/www.atelier-orangemecanique.fr\/index.php?rest_route=\/wp\/v2\/pages\/11\/revisions\/1496"}],"wp:attachment":[{"href":"https:\/\/www.atelier-orangemecanique.fr\/index.php?rest_route=%2Fwp%2Fv2%2Fmedia&parent=11"}],"curies":[{"name":"wp","href":"https:\/\/api.w.org\/{rel}","templated":true}]}}